{"id":264,"date":"2022-08-20T16:32:34","date_gmt":"2022-08-20T14:32:34","guid":{"rendered":"https:\/\/www.agnd.eu\/wordpress\/?page_id=264"},"modified":"2023-11-20T13:39:03","modified_gmt":"2023-11-20T12:39:03","slug":"datenschutz","status":"publish","type":"page","link":"https:\/\/www.agnd.eu\/index.php\/datenschutz\/","title":{"rendered":"Datenschutz"},"content":{"rendered":"\r\n<h1 class=\"wp-block-heading\">Datenschutzerkl\u00e4rung<\/h1>\r\n\r\n\r\n\r\n<p>Wir freuen uns \u00fcber Ihren Besuch auf dieser Webseite. Im Rahmen der Nutzung unseres Webangebotes vertrauen Sie uns ggf. Ihre pers\u00f6nlichen Daten an. Dieses Vertrauen wissen wir zu sch\u00e4tzen. Deshalb gehen wir mit Ihren Daten besonders sorgf\u00e4ltig um. Im Folgenden m\u00f6chten wir Sie \u00fcber die Erhebung, Verarbeitung und Nutzung Ihrer personenbezogenen Daten aufkl\u00e4ren. Personenbezogene Daten sind alle Daten, die auf Sie pers\u00f6nlich beziehbar sind, z. B. Name, Adresse, E-Mail-Adressen, Telefonnummer, aber auch das Nutzerverhalten, etc.<\/p>\r\n\r\n\r\n\r\n<h2 class=\"wp-block-heading\"><strong>Allgemeines<\/strong><\/h2>\r\n\r\n\r\n\r\n<p>Die Entwicklung der Website haben wir darauf ausgelegt, so wenig Daten wie m\u00f6glich von Ihnen zu erheben. Grunds\u00e4tzlich ist der Besuch unserer Website daher ohne Angaben personenbezogene Daten m\u00f6glich. Erst wenn Sie sich dazu entscheiden, unmittelbar mit uns in Kontakt zu treten (z.B. per E-Mail oder Kontaktformular), wird die Verarbeitung personenbezogener Daten erforderlich. Hierbei achten wir stets darauf, Ihre personenbezogenen Daten nur im Einklang mit einer gesetzlichen Grundlage oder einer von Ihnen erteilten Einwilligung zu verarbeiten.<\/p>\r\n\r\n\r\n\r\n<h2 class=\"wp-block-heading\"><strong>Verantwortlicher gem. Art. 4 Abs. 7 DSGVO<\/strong><\/h2>\r\n\r\n\r\n\r\n<p>Arbeitsgemeinschaft Nachhaltige Digitalisierung<br \/>Caroline Krohn<br \/>Chemnitzer Str. 13<br \/>63452 Hanau<\/p>\r\n\r\n\r\n\r\n<h2 class=\"wp-block-heading\">Kontakt<\/h2>\r\n\r\n\r\n\r\n<p>Fon: +49 172 \/ 1869676<br \/>E-Mail: <a href=\"&#109;&#x61;&#x69;l&#116;&#x6f;&#x3a;d&#97;&#x74;e&#110;&#x73;&#x63;h&#117;&#x74;z&#64;&#x61;&#x67;n&#100;&#x2e;&#x65;&#117;\">&#x64;a&#x74;&#101;&#x6e;&#115;&#x63;&#x68;u&#x74;&#122;&#x40;&#97;&#x67;&#110;d&#x2e;&#101;&#x75;<\/a><\/p>\r\n\r\n\r\n\r\n<h2 class=\"wp-block-heading\"><strong>Verwendungszweck der personenbezogenen Daten<\/strong><\/h2>\r\n\r\n\r\n\r\n<p>Wir verwenden Ihre personenbezogenen Daten zu folgenden Zwecken, wie es in dieser Datenschutzerkl\u00e4rung beschrieben ist:<\/p>\r\n\r\n\r\n\r\n<ul class=\"wp-block-list\">\r\n<li>Um mit Ihnen bei Kontaktanfragen Ihr Anliegen bearbeiten zu k\u00f6nnen (z.B. E-Mail-Adresse, Vorname, Nachname)<\/li>\r\n<li>Zur technischen Realisierung unserer Website und um Ihnen unsere Informationen auf dieser Website bereitstellen zu k\u00f6nnen (z.B. IP-Adresse, Cookies, Browserinformationen).<\/li>\r\n<\/ul>\r\n\r\n\r\n\r\n<h2 class=\"wp-block-heading\"><strong>Server &amp; Logfiles<\/strong><\/h2>\r\n\r\n\r\n\r\n<p>Die dieser Seite zugrunde liegende Hosting-Dienstleistungen werden von der 1101 IT Solutions Atug &amp; Jedecke GbR (Am Langen Graben 25, 53227 Bonn) erbracht. Die 1101 IT Solutions Atug &amp; Jedecke GbR bietet Software as a Service (SaaS) Dienstleistungen an im Rahmen eines Cloud-Hostings an.<\/p>\r\n\r\n\r\n\r\n<p>Die 1101 IT Solutions Atug &amp; Jedecke GbR erhebt und speichert automatisch Server-Log-Files mit Informationen, die Ihr Browser an uns \u00fcbermittelt. Dabei handelt es sich um:<\/p>\r\n\r\n\r\n\r\n<ul class=\"wp-block-list\">\r\n<li>Browsertyp<\/li>\r\n<li>Betriebssystem<\/li>\r\n<li>Referrer-URL (zuvor besuchte Seite)<\/li>\r\n<li>Hostname (IP Adresse)<\/li>\r\n<\/ul>\r\n\r\n\r\n\r\n<p>Diese Daten kann die 1101 IT Solutions Atug &amp; Jedecke GbR nicht bestimmten Personen zuordnen. Eine Zusammenf\u00fchrung dieser Daten mit anderen Datenquellen wird nicht vorgenommen. Die Daten werden nach einer statistischen Auswertung sp\u00e4testens nach 7 Tagen gel\u00f6scht. Weitere Informationen sind den Datenschutzbestimmungen der 1101 IT Solutions Atug &amp; Jedecke GbR zu entnehmen. Diese k\u00f6nnen <a href=\"https:\/\/raidboxes.de\/datenschutzerklaerungen-nach-dsgvo\/\" target=\"_blank\" rel=\"noreferrer noopener\">hier<\/a> eingesehen werden.<\/p>\r\n\r\n\r\n\r\n<p>Rechtsgrundlage f\u00fcr diese Verarbeitung ist Art. 6 Abs. 1 S. 1 lit. f DSGVO. Das geforderte berechtigte Interesse folgt aus den unter Ziff. 2 b.) genannten Zwecken.<\/p>\r\n\r\n\r\n\r\n<p>Wird haben dar\u00fcber hinaus einen Vertrag zur Auftragsdatenverarbeitung (AV) geschlossen. Dieser Vertrag regelt Umfang, Art und Zweck der Zugriffsm\u00f6glichkeiten der 1101 IT Solutions Atug &amp; Jedecke GbR auf Daten. Die Zugriffsm\u00f6glichkeiten beschr\u00e4nken sich dabei nur auf notwendige Zugriffe, die zur Erf\u00fcllung der Hosting-Leistungen erforderlich sind.<\/p>\r\n\r\n\r\n\r\n<h2 class=\"wp-block-heading\"><strong>Weitergabe personenbezogener Daten<\/strong><\/h2>\r\n\r\n\r\n\r\n<p>Eine Weitergabe Ihrer \u00fcber diese Website mitgeteilten bzw. von uns erhobenen personenbezogenen Daten an Dritte findet nicht statt, es sei denn, es liegt Ihre Einwilligung hierzu vor, wir sind gesetzlich dazu verpflichtet oder die Datenweitergabe ist zur Durchf\u00fchrung des Vertragsverh\u00e4ltnisses mit Ihnen erforderlich.<\/p>\r\n\r\n\r\n\r\n<h2 class=\"wp-block-heading\"><strong>Ihre Rechte<\/strong><\/h2>\r\n\r\n\r\n\r\n<p>Als betroffene Person haben Sie bez\u00fcglich der Verarbeitung Ihrer personenbezogenen Daten nach der DSGVO die folgenden Rechte, soweit die jeweiligen Voraussetzungen vorliegen:<\/p>\r\n\r\n\r\n\r\n<ul class=\"wp-block-list\">\r\n<li>Recht auf Auskunft<\/li>\r\n<li>Recht auf Berichtigung oder L\u00f6schung<\/li>\r\n<li>Recht auf Einschr\u00e4nkung der Verarbeitung<\/li>\r\n<li>Recht auf Daten\u00fcbertragbarkeit<\/li>\r\n<\/ul>\r\n\r\n\r\n\r\n<h2 class=\"wp-block-heading\"><strong>Beschwerderecht bei einer Aufsichtsbeh\u00f6rde<\/strong><\/h2>\r\n\r\n\r\n\r\n<p>Sie haben gem. Art. 77 DSGVO das Recht auf Beschwerde bei einer Aufsichtsbeh\u00f6rde, wenn Sie der Ansicht sind, dass die Verarbeitung der Sie betreffenden Daten gegen datenschutzrechtliche Bestimmungen verst\u00f6\u00dft. Das Beschwerderecht kann insbesondere bei einer Aufsichtsbeh\u00f6rde in dem Mitgliedstaat Ihres Aufenthaltsorts, Ihres Arbeitsplatzes oder des Orts des mutma\u00dflichen Versto\u00dfes geltend gemacht werden.<\/p>\r\n\r\n\r\n\r\n<h2 class=\"wp-block-heading\"><strong>Widerspruchsrecht (Art. 21 DSGVO)<\/strong><\/h2>\r\n\r\n\r\n\r\n<p>Sie haben das Recht, aus Gr\u00fcnden, die sich aus Ihrer besonderen Situation ergeben, jederzeit gegen die Verarbeitung Sie betreffender personenbezogener Daten, die aufgrund von Artikel 6 Abs. 1e DSGVO (Datenverarbeitung im \u00f6ffentlichen Interesse) und Artikel 6 Abs. 1f DSGVO (Datenverarbeitung auf der Grundlage einer Interessenabw\u00e4gung) erfolgt, Widerspruch einzulegen; dies gilt auch f\u00fcr eine auf diese Bestimmung gest\u00fctztes Profiling im Sinne von Artikel 4 Abs. 4 DSGVO.<\/p>\r\n\r\n\r\n\r\n<p>Legen Sie Widerspruch ein, werden wir Ihre personenbezogenen Daten nicht mehr verarbeiten, es sei denn, wir k\u00f6nnen zwingende schutzw\u00fcrdige Gr\u00fcnde f\u00fcr die Verarbeitung nachweisen, die Ihre Interessen, Rechte und Freiheiten \u00fcberwiegen, oder die Verarbeitung dient der Geltendmachung, Aus\u00fcbung oder Verteidigung von Rechtsanspr\u00fcchen.<\/p>\r\n\r\n\r\n\r\n<h2 class=\"wp-block-heading\"><strong>Informationssicherheit<\/strong><\/h2>\r\n\r\n\r\n\r\n<p>Die \u00dcbertragung von Informationen \u00fcber das Internet ist niemals zu 100% sicher, weshalb wir die Sicherheit der \u00fcber das Internet an unsere Website \u00fcbermittelten Daten nicht garantieren k\u00f6nnen.<\/p>\r\n\r\n\r\n\r\n<p>Wir sichern unsere Website jedoch durch technische und organisatorische Ma\u00dfnahmen gegen Verlust, Zerst\u00f6rung, Zugriff, Ver\u00e4nderung oder Verbreitung Ihrer Daten durch unbefugte Personen ab. Wir bedienen uns dabei TLS (Transport Layer Security). \u00a0Sie erkennen dies daran, dass in der Statusleiste Ihres Browsers das Schloss-Symbol geschlossen ist und die Adresszeile mit https:\/\/ beginnt. Unsere Sicherheitsma\u00dfnahmen werden entsprechend der technologischen Entwicklung fortlaufend verbessert.<\/p>\r\n\r\n\r\n\r\n<p>Alle Informationen, die Sie an uns \u00fcbermitteln, werden auf Servern innerhalb Deutschlands bei einem von uns sorgf\u00e4ltig ausgew\u00e4hlten Webhoster gespeichert. Soweit es sich hierbei um eine sogenannte Auftragsdatenverarbeitung handelt, haben wir einen entsprechenden Vertrag zur Auftragsverarbeitung nach Art. 28 DSGVO mit unserem Webhoster abgeschlossen. Damit stellen wir sicher, dass Ihre personenbezogenen Daten unter Einhaltung der gesetzlichen Datenschutzbestimmungen verarbeitet werden.<\/p>\r\n\r\n\r\n\r\n<h2 class=\"wp-block-heading\"><strong>\u00c4nderung der Datenschutzerkl\u00e4rung<\/strong><\/h2>\r\n\r\n\r\n\r\n<p>Wir entwickeln unsere Website laufend weiter, um Ihnen einen immer besser werdenden Dienst zur Verf\u00fcgung stellen zu k\u00f6nnen. Diese Datenschutzerkl\u00e4rung werden wir stets aktuell halten und entsprechend anpassen. \u00dcber eventuelle \u00c4nderungen dieser Datenschutzerkl\u00e4rung werden wir Sie selbstverst\u00e4ndlich rechtzeitig informieren.<\/p>\r\n\r\n\r\n\r\n<p>Stand der Datenschutzerkl\u00e4rung: 03.10.2022.<\/p>\r\n","protected":false},"excerpt":{"rendered":"<p>Datenschutzerkl\u00e4rung Wir freuen uns \u00fcber Ihren Besuch auf dieser Webseite. Im Rahmen der Nutzung unseres Webangebotes vertrauen Sie uns ggf. Ihre pers\u00f6nlichen Daten an. Dieses Vertrauen wissen wir zu sch\u00e4tzen. Deshalb gehen wir mit Ihren Daten besonders sorgf\u00e4ltig um. Im Folgenden m\u00f6chten wir Sie \u00fcber die Erhebung, Verarbeitung und Nutzung Ihrer personenbezogenen Daten aufkl\u00e4ren. Personenbezogene [&hellip;]<\/p>\n","protected":false},"author":1,"featured_media":0,"parent":0,"menu_order":0,"comment_status":"closed","ping_status":"closed","template":"","meta":{"footnotes":""},"class_list":["post-264","page","type-page","status-publish","hentry"],"yoast_head":"<!-- This site is optimized with the Yoast SEO plugin v27.5 - https:\/\/yoast.com\/product\/yoast-seo-wordpress\/ -->\n<title>Datenschutz - AGND<\/title>\n<meta name=\"robots\" content=\"index, follow, max-snippet:-1, max-image-preview:large, max-video-preview:-1\" \/>\n<link rel=\"canonical\" href=\"https:\/\/www.agnd.eu\/index.php\/datenschutz\/\" \/>\n<meta property=\"og:locale\" content=\"de_DE\" \/>\n<meta property=\"og:type\" content=\"article\" \/>\n<meta property=\"og:title\" content=\"Datenschutz - AGND\" \/>\n<meta property=\"og:description\" content=\"Datenschutzerkl\u00e4rung Wir freuen uns \u00fcber Ihren Besuch auf dieser Webseite. Im Rahmen der Nutzung unseres Webangebotes vertrauen Sie uns ggf. Ihre pers\u00f6nlichen Daten an. Dieses Vertrauen wissen wir zu sch\u00e4tzen. Deshalb gehen wir mit Ihren Daten besonders sorgf\u00e4ltig um. Im Folgenden m\u00f6chten wir Sie \u00fcber die Erhebung, Verarbeitung und Nutzung Ihrer personenbezogenen Daten aufkl\u00e4ren. Personenbezogene [&hellip;]\" \/>\n<meta property=\"og:url\" content=\"https:\/\/www.agnd.eu\/index.php\/datenschutz\/\" \/>\n<meta property=\"og:site_name\" content=\"AGND\" \/>\n<meta property=\"article:modified_time\" content=\"2023-11-20T12:39:03+00:00\" \/>\n<meta name=\"twitter:card\" content=\"summary_large_image\" \/>\n<meta name=\"twitter:label1\" content=\"Gesch\u00e4tzte Lesezeit\" \/>\n\t<meta name=\"twitter:data1\" content=\"5\u00a0Minuten\" \/>\n<script type=\"application\/ld+json\" class=\"yoast-schema-graph\">{\"@context\":\"https:\\\/\\\/schema.org\",\"@graph\":[{\"@type\":\"WebPage\",\"@id\":\"https:\\\/\\\/www.agnd.eu\\\/index.php\\\/datenschutz\\\/\",\"url\":\"https:\\\/\\\/www.agnd.eu\\\/index.php\\\/datenschutz\\\/\",\"name\":\"Datenschutz - AGND\",\"isPartOf\":{\"@id\":\"https:\\\/\\\/www.agnd.eu\\\/#website\"},\"datePublished\":\"2022-08-20T14:32:34+00:00\",\"dateModified\":\"2023-11-20T12:39:03+00:00\",\"breadcrumb\":{\"@id\":\"https:\\\/\\\/www.agnd.eu\\\/index.php\\\/datenschutz\\\/#breadcrumb\"},\"inLanguage\":\"de\",\"potentialAction\":[{\"@type\":\"ReadAction\",\"target\":[\"https:\\\/\\\/www.agnd.eu\\\/index.php\\\/datenschutz\\\/\"]}]},{\"@type\":\"BreadcrumbList\",\"@id\":\"https:\\\/\\\/www.agnd.eu\\\/index.php\\\/datenschutz\\\/#breadcrumb\",\"itemListElement\":[{\"@type\":\"ListItem\",\"position\":1,\"name\":\"Startseite\",\"item\":\"https:\\\/\\\/www.agnd.eu\\\/\"},{\"@type\":\"ListItem\",\"position\":2,\"name\":\"Datenschutz\"}]},{\"@type\":\"WebSite\",\"@id\":\"https:\\\/\\\/www.agnd.eu\\\/#website\",\"url\":\"https:\\\/\\\/www.agnd.eu\\\/\",\"name\":\"AGND\",\"description\":\"AG Nachhaltige Digitalisierung\",\"publisher\":{\"@id\":\"https:\\\/\\\/www.agnd.eu\\\/#organization\"},\"potentialAction\":[{\"@type\":\"SearchAction\",\"target\":{\"@type\":\"EntryPoint\",\"urlTemplate\":\"https:\\\/\\\/www.agnd.eu\\\/?s={search_term_string}\"},\"query-input\":{\"@type\":\"PropertyValueSpecification\",\"valueRequired\":true,\"valueName\":\"search_term_string\"}}],\"inLanguage\":\"de\"},{\"@type\":\"Organization\",\"@id\":\"https:\\\/\\\/www.agnd.eu\\\/#organization\",\"name\":\"AGND\",\"url\":\"https:\\\/\\\/www.agnd.eu\\\/\",\"logo\":{\"@type\":\"ImageObject\",\"inLanguage\":\"de\",\"@id\":\"https:\\\/\\\/www.agnd.eu\\\/#\\\/schema\\\/logo\\\/image\\\/\",\"url\":\"\",\"contentUrl\":\"\",\"caption\":\"AGND\"},\"image\":{\"@id\":\"https:\\\/\\\/www.agnd.eu\\\/#\\\/schema\\\/logo\\\/image\\\/\"}}]}<\/script>\n<!-- \/ Yoast SEO plugin. -->","yoast_head_json":{"title":"Datenschutz - AGND","robots":{"index":"index","follow":"follow","max-snippet":"max-snippet:-1","max-image-preview":"max-image-preview:large","max-video-preview":"max-video-preview:-1"},"canonical":"https:\/\/www.agnd.eu\/index.php\/datenschutz\/","og_locale":"de_DE","og_type":"article","og_title":"Datenschutz - AGND","og_description":"Datenschutzerkl\u00e4rung Wir freuen uns \u00fcber Ihren Besuch auf dieser Webseite. Im Rahmen der Nutzung unseres Webangebotes vertrauen Sie uns ggf. Ihre pers\u00f6nlichen Daten an. Dieses Vertrauen wissen wir zu sch\u00e4tzen. Deshalb gehen wir mit Ihren Daten besonders sorgf\u00e4ltig um. Im Folgenden m\u00f6chten wir Sie \u00fcber die Erhebung, Verarbeitung und Nutzung Ihrer personenbezogenen Daten aufkl\u00e4ren. Personenbezogene [&hellip;]","og_url":"https:\/\/www.agnd.eu\/index.php\/datenschutz\/","og_site_name":"AGND","article_modified_time":"2023-11-20T12:39:03+00:00","twitter_card":"summary_large_image","twitter_misc":{"Gesch\u00e4tzte Lesezeit":"5\u00a0Minuten"},"schema":{"@context":"https:\/\/schema.org","@graph":[{"@type":"WebPage","@id":"https:\/\/www.agnd.eu\/index.php\/datenschutz\/","url":"https:\/\/www.agnd.eu\/index.php\/datenschutz\/","name":"Datenschutz - AGND","isPartOf":{"@id":"https:\/\/www.agnd.eu\/#website"},"datePublished":"2022-08-20T14:32:34+00:00","dateModified":"2023-11-20T12:39:03+00:00","breadcrumb":{"@id":"https:\/\/www.agnd.eu\/index.php\/datenschutz\/#breadcrumb"},"inLanguage":"de","potentialAction":[{"@type":"ReadAction","target":["https:\/\/www.agnd.eu\/index.php\/datenschutz\/"]}]},{"@type":"BreadcrumbList","@id":"https:\/\/www.agnd.eu\/index.php\/datenschutz\/#breadcrumb","itemListElement":[{"@type":"ListItem","position":1,"name":"Startseite","item":"https:\/\/www.agnd.eu\/"},{"@type":"ListItem","position":2,"name":"Datenschutz"}]},{"@type":"WebSite","@id":"https:\/\/www.agnd.eu\/#website","url":"https:\/\/www.agnd.eu\/","name":"AGND","description":"AG Nachhaltige Digitalisierung","publisher":{"@id":"https:\/\/www.agnd.eu\/#organization"},"potentialAction":[{"@type":"SearchAction","target":{"@type":"EntryPoint","urlTemplate":"https:\/\/www.agnd.eu\/?s={search_term_string}"},"query-input":{"@type":"PropertyValueSpecification","valueRequired":true,"valueName":"search_term_string"}}],"inLanguage":"de"},{"@type":"Organization","@id":"https:\/\/www.agnd.eu\/#organization","name":"AGND","url":"https:\/\/www.agnd.eu\/","logo":{"@type":"ImageObject","inLanguage":"de","@id":"https:\/\/www.agnd.eu\/#\/schema\/logo\/image\/","url":"","contentUrl":"","caption":"AGND"},"image":{"@id":"https:\/\/www.agnd.eu\/#\/schema\/logo\/image\/"}}]}},"_links":{"self":[{"href":"https:\/\/www.agnd.eu\/index.php\/wp-json\/wp\/v2\/pages\/264","targetHints":{"allow":["GET"]}}],"collection":[{"href":"https:\/\/www.agnd.eu\/index.php\/wp-json\/wp\/v2\/pages"}],"about":[{"href":"https:\/\/www.agnd.eu\/index.php\/wp-json\/wp\/v2\/types\/page"}],"author":[{"embeddable":true,"href":"https:\/\/www.agnd.eu\/index.php\/wp-json\/wp\/v2\/users\/1"}],"replies":[{"embeddable":true,"href":"https:\/\/www.agnd.eu\/index.php\/wp-json\/wp\/v2\/comments?post=264"}],"version-history":[{"count":5,"href":"https:\/\/www.agnd.eu\/index.php\/wp-json\/wp\/v2\/pages\/264\/revisions"}],"predecessor-version":[{"id":624,"href":"https:\/\/www.agnd.eu\/index.php\/wp-json\/wp\/v2\/pages\/264\/revisions\/624"}],"wp:attachment":[{"href":"https:\/\/www.agnd.eu\/index.php\/wp-json\/wp\/v2\/media?parent=264"}],"curies":[{"name":"wp","href":"https:\/\/api.w.org\/{rel}","templated":true}]}}