{"id":559,"date":"2023-07-23T21:47:29","date_gmt":"2023-07-23T19:47:29","guid":{"rendered":"https:\/\/www.agnd.eu\/?page_id=559"},"modified":"2023-07-23T21:50:46","modified_gmt":"2023-07-23T19:50:46","slug":"grundprinzipien","status":"publish","type":"page","link":"https:\/\/www.agnd.eu\/index.php\/grundprinzipien\/","title":{"rendered":"Grundprinzipien"},"content":{"rendered":"<p>Basis unserer Arbeit bei der AG Nachhaltige Digitalisierung sind die folgenden zehn Grundprinzipien:<\/p>\n<ol>\n<li><strong>Menschenschutz<\/strong> als zentrales Ziel \u00fcber allem<\/li>\n<li><strong>Grundrechtsorientierung<\/strong> zur Sicherung der Legalit\u00e4t digitaler Ma\u00dfnahmen<\/li>\n<li><strong>Rechtskonformit\u00e4t &amp; Rechtsdurchsetzung<\/strong> als Grundvoraussetzung f\u00fcr digitale Ma\u00dfnahmen<\/li>\n<li><strong>Systemische Ausrichtung<\/strong> als Grundprinzip, also die klassische Technologiefolgenabsch\u00e4tzung<\/li>\n<li><strong>Grundwerte &amp; Zukunftsdenken<\/strong> f\u00fcr \u00dcberlegungen zur Legitimit\u00e4t digitaler Ma\u00dfnahmen<\/li>\n<li><strong>Gemeinwohlorientierung<\/strong> f\u00fcr die Gestaltung gesellschaftlichen Zusammenlebens<\/li>\n<li><strong>\u00d6ffentliches Bewusstsein<\/strong> als diskursives Element unseres Zusammenlebens<\/li>\n<li><strong>Verantwortungs\u00fcbernahme<\/strong> eines jeden und einer jeden, der\/die Digitalisierung technisch, organisational, wirtschaftlich, wissenschaftlich, zivilgesellschaftlich, politisch oder privat gestaltet, betreibt oder nutzt<\/li>\n<li><strong>Privacy-by-Design<\/strong> als wichigster Grundsatz jedweder Datenverarbeitung sowie<\/li>\n<li><strong>Security-by-Design<\/strong> als wichtigster Grundsatz jedweder System- und Softwareherstellung.<\/li>\n<\/ol>\n<p>&nbsp;<\/p>\n","protected":false},"excerpt":{"rendered":"<p>Basis unserer Arbeit bei der AG Nachhaltige Digitalisierung sind die folgenden zehn Grundprinzipien: Menschenschutz als zentrales Ziel \u00fcber allem Grundrechtsorientierung zur Sicherung der Legalit\u00e4t digitaler Ma\u00dfnahmen Rechtskonformit\u00e4t &amp; Rechtsdurchsetzung als Grundvoraussetzung f\u00fcr digitale Ma\u00dfnahmen Systemische Ausrichtung als Grundprinzip, also die klassische Technologiefolgenabsch\u00e4tzung Grundwerte &amp; Zukunftsdenken f\u00fcr \u00dcberlegungen zur Legitimit\u00e4t digitaler Ma\u00dfnahmen Gemeinwohlorientierung f\u00fcr die Gestaltung [&hellip;]<\/p>\n","protected":false},"author":2,"featured_media":0,"parent":0,"menu_order":0,"comment_status":"closed","ping_status":"closed","template":"","meta":{"footnotes":""},"class_list":["post-559","page","type-page","status-publish","hentry"],"yoast_head":"<!-- This site is optimized with the Yoast SEO plugin v27.5 - https:\/\/yoast.com\/product\/yoast-seo-wordpress\/ -->\n<title>Grundprinzipien - AGND<\/title>\n<meta name=\"robots\" content=\"index, follow, max-snippet:-1, max-image-preview:large, max-video-preview:-1\" \/>\n<link rel=\"canonical\" href=\"https:\/\/www.agnd.eu\/index.php\/grundprinzipien\/\" \/>\n<meta property=\"og:locale\" content=\"de_DE\" \/>\n<meta property=\"og:type\" content=\"article\" \/>\n<meta property=\"og:title\" content=\"Grundprinzipien - AGND\" \/>\n<meta property=\"og:description\" content=\"Basis unserer Arbeit bei der AG Nachhaltige Digitalisierung sind die folgenden zehn Grundprinzipien: Menschenschutz als zentrales Ziel \u00fcber allem Grundrechtsorientierung zur Sicherung der Legalit\u00e4t digitaler Ma\u00dfnahmen Rechtskonformit\u00e4t &amp; Rechtsdurchsetzung als Grundvoraussetzung f\u00fcr digitale Ma\u00dfnahmen Systemische Ausrichtung als Grundprinzip, also die klassische Technologiefolgenabsch\u00e4tzung Grundwerte &amp; Zukunftsdenken f\u00fcr \u00dcberlegungen zur Legitimit\u00e4t digitaler Ma\u00dfnahmen Gemeinwohlorientierung f\u00fcr die Gestaltung [&hellip;]\" \/>\n<meta property=\"og:url\" content=\"https:\/\/www.agnd.eu\/index.php\/grundprinzipien\/\" \/>\n<meta property=\"og:site_name\" content=\"AGND\" \/>\n<meta property=\"article:modified_time\" content=\"2023-07-23T19:50:46+00:00\" \/>\n<meta name=\"twitter:card\" content=\"summary_large_image\" \/>\n<meta name=\"twitter:label1\" content=\"Gesch\u00e4tzte Lesezeit\" \/>\n\t<meta name=\"twitter:data1\" content=\"1\u00a0Minute\" \/>\n<script type=\"application\/ld+json\" class=\"yoast-schema-graph\">{\"@context\":\"https:\\\/\\\/schema.org\",\"@graph\":[{\"@type\":\"WebPage\",\"@id\":\"https:\\\/\\\/www.agnd.eu\\\/index.php\\\/grundprinzipien\\\/\",\"url\":\"https:\\\/\\\/www.agnd.eu\\\/index.php\\\/grundprinzipien\\\/\",\"name\":\"Grundprinzipien - AGND\",\"isPartOf\":{\"@id\":\"https:\\\/\\\/www.agnd.eu\\\/#website\"},\"datePublished\":\"2023-07-23T19:47:29+00:00\",\"dateModified\":\"2023-07-23T19:50:46+00:00\",\"breadcrumb\":{\"@id\":\"https:\\\/\\\/www.agnd.eu\\\/index.php\\\/grundprinzipien\\\/#breadcrumb\"},\"inLanguage\":\"de\",\"potentialAction\":[{\"@type\":\"ReadAction\",\"target\":[\"https:\\\/\\\/www.agnd.eu\\\/index.php\\\/grundprinzipien\\\/\"]}]},{\"@type\":\"BreadcrumbList\",\"@id\":\"https:\\\/\\\/www.agnd.eu\\\/index.php\\\/grundprinzipien\\\/#breadcrumb\",\"itemListElement\":[{\"@type\":\"ListItem\",\"position\":1,\"name\":\"Startseite\",\"item\":\"https:\\\/\\\/www.agnd.eu\\\/\"},{\"@type\":\"ListItem\",\"position\":2,\"name\":\"Grundprinzipien\"}]},{\"@type\":\"WebSite\",\"@id\":\"https:\\\/\\\/www.agnd.eu\\\/#website\",\"url\":\"https:\\\/\\\/www.agnd.eu\\\/\",\"name\":\"AGND\",\"description\":\"AG Nachhaltige Digitalisierung\",\"publisher\":{\"@id\":\"https:\\\/\\\/www.agnd.eu\\\/#organization\"},\"potentialAction\":[{\"@type\":\"SearchAction\",\"target\":{\"@type\":\"EntryPoint\",\"urlTemplate\":\"https:\\\/\\\/www.agnd.eu\\\/?s={search_term_string}\"},\"query-input\":{\"@type\":\"PropertyValueSpecification\",\"valueRequired\":true,\"valueName\":\"search_term_string\"}}],\"inLanguage\":\"de\"},{\"@type\":\"Organization\",\"@id\":\"https:\\\/\\\/www.agnd.eu\\\/#organization\",\"name\":\"AGND\",\"url\":\"https:\\\/\\\/www.agnd.eu\\\/\",\"logo\":{\"@type\":\"ImageObject\",\"inLanguage\":\"de\",\"@id\":\"https:\\\/\\\/www.agnd.eu\\\/#\\\/schema\\\/logo\\\/image\\\/\",\"url\":\"\",\"contentUrl\":\"\",\"caption\":\"AGND\"},\"image\":{\"@id\":\"https:\\\/\\\/www.agnd.eu\\\/#\\\/schema\\\/logo\\\/image\\\/\"}}]}<\/script>\n<!-- \/ Yoast SEO plugin. -->","yoast_head_json":{"title":"Grundprinzipien - AGND","robots":{"index":"index","follow":"follow","max-snippet":"max-snippet:-1","max-image-preview":"max-image-preview:large","max-video-preview":"max-video-preview:-1"},"canonical":"https:\/\/www.agnd.eu\/index.php\/grundprinzipien\/","og_locale":"de_DE","og_type":"article","og_title":"Grundprinzipien - AGND","og_description":"Basis unserer Arbeit bei der AG Nachhaltige Digitalisierung sind die folgenden zehn Grundprinzipien: Menschenschutz als zentrales Ziel \u00fcber allem Grundrechtsorientierung zur Sicherung der Legalit\u00e4t digitaler Ma\u00dfnahmen Rechtskonformit\u00e4t &amp; Rechtsdurchsetzung als Grundvoraussetzung f\u00fcr digitale Ma\u00dfnahmen Systemische Ausrichtung als Grundprinzip, also die klassische Technologiefolgenabsch\u00e4tzung Grundwerte &amp; Zukunftsdenken f\u00fcr \u00dcberlegungen zur Legitimit\u00e4t digitaler Ma\u00dfnahmen Gemeinwohlorientierung f\u00fcr die Gestaltung [&hellip;]","og_url":"https:\/\/www.agnd.eu\/index.php\/grundprinzipien\/","og_site_name":"AGND","article_modified_time":"2023-07-23T19:50:46+00:00","twitter_card":"summary_large_image","twitter_misc":{"Gesch\u00e4tzte Lesezeit":"1\u00a0Minute"},"schema":{"@context":"https:\/\/schema.org","@graph":[{"@type":"WebPage","@id":"https:\/\/www.agnd.eu\/index.php\/grundprinzipien\/","url":"https:\/\/www.agnd.eu\/index.php\/grundprinzipien\/","name":"Grundprinzipien - AGND","isPartOf":{"@id":"https:\/\/www.agnd.eu\/#website"},"datePublished":"2023-07-23T19:47:29+00:00","dateModified":"2023-07-23T19:50:46+00:00","breadcrumb":{"@id":"https:\/\/www.agnd.eu\/index.php\/grundprinzipien\/#breadcrumb"},"inLanguage":"de","potentialAction":[{"@type":"ReadAction","target":["https:\/\/www.agnd.eu\/index.php\/grundprinzipien\/"]}]},{"@type":"BreadcrumbList","@id":"https:\/\/www.agnd.eu\/index.php\/grundprinzipien\/#breadcrumb","itemListElement":[{"@type":"ListItem","position":1,"name":"Startseite","item":"https:\/\/www.agnd.eu\/"},{"@type":"ListItem","position":2,"name":"Grundprinzipien"}]},{"@type":"WebSite","@id":"https:\/\/www.agnd.eu\/#website","url":"https:\/\/www.agnd.eu\/","name":"AGND","description":"AG Nachhaltige Digitalisierung","publisher":{"@id":"https:\/\/www.agnd.eu\/#organization"},"potentialAction":[{"@type":"SearchAction","target":{"@type":"EntryPoint","urlTemplate":"https:\/\/www.agnd.eu\/?s={search_term_string}"},"query-input":{"@type":"PropertyValueSpecification","valueRequired":true,"valueName":"search_term_string"}}],"inLanguage":"de"},{"@type":"Organization","@id":"https:\/\/www.agnd.eu\/#organization","name":"AGND","url":"https:\/\/www.agnd.eu\/","logo":{"@type":"ImageObject","inLanguage":"de","@id":"https:\/\/www.agnd.eu\/#\/schema\/logo\/image\/","url":"","contentUrl":"","caption":"AGND"},"image":{"@id":"https:\/\/www.agnd.eu\/#\/schema\/logo\/image\/"}}]}},"_links":{"self":[{"href":"https:\/\/www.agnd.eu\/index.php\/wp-json\/wp\/v2\/pages\/559","targetHints":{"allow":["GET"]}}],"collection":[{"href":"https:\/\/www.agnd.eu\/index.php\/wp-json\/wp\/v2\/pages"}],"about":[{"href":"https:\/\/www.agnd.eu\/index.php\/wp-json\/wp\/v2\/types\/page"}],"author":[{"embeddable":true,"href":"https:\/\/www.agnd.eu\/index.php\/wp-json\/wp\/v2\/users\/2"}],"replies":[{"embeddable":true,"href":"https:\/\/www.agnd.eu\/index.php\/wp-json\/wp\/v2\/comments?post=559"}],"version-history":[{"count":8,"href":"https:\/\/www.agnd.eu\/index.php\/wp-json\/wp\/v2\/pages\/559\/revisions"}],"predecessor-version":[{"id":623,"href":"https:\/\/www.agnd.eu\/index.php\/wp-json\/wp\/v2\/pages\/559\/revisions\/623"}],"wp:attachment":[{"href":"https:\/\/www.agnd.eu\/index.php\/wp-json\/wp\/v2\/media?parent=559"}],"curies":[{"name":"wp","href":"https:\/\/api.w.org\/{rel}","templated":true}]}}